{"id":12,"date":"2014-12-15T17:19:44","date_gmt":"2014-12-15T17:19:44","guid":{"rendered":"http:\/\/www.perezalmansa.com\/ca\/?page_id=12"},"modified":"2015-05-25T13:38:13","modified_gmt":"2015-05-25T13:38:13","slug":"arees-de-practica","status":"publish","type":"page","link":"https:\/\/www.perezalmansa.com\/ca\/arees-de-practica\/","title":{"rendered":"\u00c0rees de pr\u00e0ctica"},"content":{"rendered":"<p style=\"text-align: justify;\">La major part dels assumptes relatius al dret immobiliari solen afectar a diverses especialitats jur\u00eddiques tradicionals: el dret privat, que estudia les relacions entre particulars, el dret administratiu, que s\u2019ocupa de les relacions amb les Administracions publiques i el dret fiscal relatiu als tributs. Si una de les parts de l\u2019operaci\u00f3 \u00e9s estrangera, concorre una quarta especialitat tradicional, el dret internacional privat.<\/p>\n<p style=\"text-align: justify;\"><img loading=\"lazy\" decoding=\"async\" class=\"alignnone size-full wp-image-112\" src=\"http:\/\/www.perezalmansa.com\/ca\/wp-content\/uploads\/sites\/3\/2014\/12\/areas.jpg\" alt=\"areas\" width=\"800\" height=\"460\" srcset=\"https:\/\/www.perezalmansa.com\/ca\/wp-content\/uploads\/sites\/3\/2014\/12\/areas.jpg 800w, https:\/\/www.perezalmansa.com\/ca\/wp-content\/uploads\/sites\/3\/2014\/12\/areas-300x172.jpg 300w\" sizes=\"auto, (max-width: 800px) 100vw, 800px\" \/><\/p>\n<p style=\"text-align: justify;\">Aix\u00ed per exemple, al assessorar en la compra d\u2019un edifici, el dret privat regeix el contracte de compravenda, el dret administratiu regula els usos permesos en l\u2019immoble i la possibilitat d\u2019obtenir llic\u00e8ncies per reforma o ampliaci\u00f3, mentre que el dret fiscal tracta dels tributs que s\u2019han de pagar per l\u2019operaci\u00f3 de compravenda i per l\u2019ulterior tinen\u00e7a de l\u2019edifici. El dret internacional privat determinar\u00e0, entre d\u2019altres q\u00fcestions, el r\u00e8gim aplicable a la successi\u00f3 en cas de defunci\u00f3 del comprador.<\/p>\n<p style=\"text-align: justify;\">En el nostre pa\u00eds, els despatxos especialitzats solen exercir nom\u00e9s en una de les especialitats esmentades, de manera que un assessorament complet exigeix la col\u00b7laboraci\u00f3 de diversos despatxos.<\/p>\n<p style=\"text-align: justify;\">A PEREZ ALMANSA ADVOCATS hem constitu\u00eft un equip de professionals amb coneixements i amb experi\u00e8ncia transversal en tots aquests camps que puguin proporcionar assessorament legal i complet. Si un dels nostres clients compra un edifici, li negociem amb el venedor el contracte m\u00e9s favorable als seus interessos, l\u2019informem amb exactitud dels usos i obres permesos per l\u2019Administraci\u00f3 p\u00fablica, el defensem en la tramitaci\u00f3 de les llic\u00e8ncies i l\u2019indiquem la manera de fer tota l\u2019operaci\u00f3 amb la m\u00ednima c\u00e0rrega fiscal. Si el nostre client \u00e9s estranger, l\u2019assessorem a m\u00e9s a m\u00e9s sobre la manera d\u2019importar legalment el capital necessari per la compra, aix\u00ed com sobre la resta d\u2019especialitats que resulten aplicables a inversions des de l\u2019exterior.<\/p>\n","protected":false},"excerpt":{"rendered":"<p>La major part dels assumptes relatius al dret immobiliari solen afectar a diverses especialitats jur\u00eddiques tradicionals: el dret privat, que estudia les relacions entre particulars, el dret administratiu, que s\u2019ocupa de les relacions amb les Administracions publiques i el dret fiscal relatiu als tributs. Si una de les parts de l\u2019operaci\u00f3 \u00e9s estrangera, concorre una [&hellip;]<\/p>\n","protected":false},"author":1,"featured_media":0,"parent":0,"menu_order":0,"comment_status":"open","ping_status":"open","template":"","meta":{"footnotes":""},"class_list":["post-12","page","type-page","status-publish","hentry"],"_links":{"self":[{"href":"https:\/\/www.perezalmansa.com\/ca\/wp-json\/wp\/v2\/pages\/12","targetHints":{"allow":["GET"]}}],"collection":[{"href":"https:\/\/www.perezalmansa.com\/ca\/wp-json\/wp\/v2\/pages"}],"about":[{"href":"https:\/\/www.perezalmansa.com\/ca\/wp-json\/wp\/v2\/types\/page"}],"author":[{"embeddable":true,"href":"https:\/\/www.perezalmansa.com\/ca\/wp-json\/wp\/v2\/users\/1"}],"replies":[{"embeddable":true,"href":"https:\/\/www.perezalmansa.com\/ca\/wp-json\/wp\/v2\/comments?post=12"}],"version-history":[{"count":16,"href":"https:\/\/www.perezalmansa.com\/ca\/wp-json\/wp\/v2\/pages\/12\/revisions"}],"predecessor-version":[{"id":432,"href":"https:\/\/www.perezalmansa.com\/ca\/wp-json\/wp\/v2\/pages\/12\/revisions\/432"}],"wp:attachment":[{"href":"https:\/\/www.perezalmansa.com\/ca\/wp-json\/wp\/v2\/media?parent=12"}],"curies":[{"name":"wp","href":"https:\/\/api.w.org\/{rel}","templated":true}]}}