{"id":32,"date":"2014-12-16T13:34:01","date_gmt":"2014-12-16T13:34:01","guid":{"rendered":"http:\/\/www.perezalmansa.com\/ca\/?page_id=32"},"modified":"2016-10-06T09:22:51","modified_gmt":"2016-10-06T09:22:51","slug":"dret-privat","status":"publish","type":"page","link":"https:\/\/www.perezalmansa.com\/ca\/dret-privat\/","title":{"rendered":"Dret Privat"},"content":{"rendered":"<p style=\"text-align: justify;\">En l\u2019\u00e0mbit del dret civil, la tasca del nostre despatx es centra en l\u2019assessorament en q\u00fcestions de dret patrimonial, amb una amplia experi\u00e8ncia en assumptes de propietat horitzontal i d\u2019arrendaments, r\u00fastics i urbans.\u00a0Tamb\u00e9 podem oferir un assessorament d\u2019excel\u2022l\u00e8ncia en mat\u00e8ria de negociaci\u00f3 i redacci\u00f3 de contractes. Aix\u00ed com de defensa en cas d\u2019incompliment d\u2019obligacions.<\/p>\n<p style=\"text-align: justify;\"><a href=\"http:\/\/www.perezalmansa.com\/ca\/wp-content\/uploads\/sites\/3\/2014\/12\/Derecho-privado2.jpg\"><img loading=\"lazy\" decoding=\"async\" class=\"alignnone size-full wp-image-504\" src=\"http:\/\/www.perezalmansa.com\/ca\/wp-content\/uploads\/sites\/3\/2014\/12\/Derecho-privado2.jpg\" alt=\"Derecho-privado2\" width=\"778\" height=\"519\" srcset=\"https:\/\/www.perezalmansa.com\/ca\/wp-content\/uploads\/sites\/3\/2014\/12\/Derecho-privado2.jpg 778w, https:\/\/www.perezalmansa.com\/ca\/wp-content\/uploads\/sites\/3\/2014\/12\/Derecho-privado2-300x200.jpg 300w\" sizes=\"auto, (max-width: 778px) 100vw, 778px\" \/><\/a><\/p>\n<p style=\"text-align: justify;\">Per \u00faltim podem acreditar un important curr\u00edculum en dret de successions, en especial en la redacci\u00f3 i impugnaci\u00f3 de testaments i contractes successoris, aix\u00ed com en les peticions de leg\u00edtima. El nostre despatx no porta separacions ni divorcis, tret de casos excepcionals.<\/p>\n<p style=\"text-align: justify;\">En el marc de dret mercantil P\u00e9rez Almansa Advocats gaudeix d\u2019una important experi\u00e8ncia en la impugnaci\u00f3 de contractes abusius, especialment hipoteques i contractes bancaris. Tamb\u00e9 ha portat amb \u00e8xit la defensa en procediments concursals. Igualment oferim assessorament en el marc del dret de societats i en l\u2019exercici de les funcions de secretaria de Consells d\u2019Administraci\u00f3.<\/p>\n<table border=\"0\" width=\"100%\">\n<tbody>\n<tr>\n<td style=\"background-color: #f5f5f5!important;\" valign=\"middle\"><strong>Servei d\u2019assessorament extern dirigit a Administradors de Finques i APIs: <\/strong> El nostre despatx t\u00e9 l\u2019honor de gaudir de la confian\u00e7a d\u2019alguns dels despatxos d\u2019administraci\u00f3 de finques m\u00e9s importants de Barcelona, que de forma regular requereixen la prestaci\u00f3 dels serveis del despatx per s\u00ed mateixos o per llurs clients.<\/td>\n<\/tr>\n<\/tbody>\n<\/table>\n<table border=\"0\" width=\"100%\">\n<tbody>\n<tr>\n<td style=\"background-color: #f5f5f5!important;\" valign=\"middle\"><strong>Litigis civils:<\/strong> entre 2002 i 2015 Estudi Jur\u00eddic P\u00e9rez Almansa ha assolit en judici una taxa d\u2019\u00e8xit en litigis civils i mercantils superior al 80%.<\/td>\n<\/tr>\n<\/tbody>\n<\/table>\n","protected":false},"excerpt":{"rendered":"<p>En l\u2019\u00e0mbit del dret civil, la tasca del nostre despatx es centra en l\u2019assessorament en q\u00fcestions de dret patrimonial, amb una amplia experi\u00e8ncia en assumptes de propietat horitzontal i d\u2019arrendaments, r\u00fastics i urbans.\u00a0Tamb\u00e9 podem oferir un assessorament d\u2019excel\u2022l\u00e8ncia en mat\u00e8ria de negociaci\u00f3 i redacci\u00f3 de contractes. Aix\u00ed com de defensa en cas d\u2019incompliment d\u2019obligacions. Per [&hellip;]<\/p>\n","protected":false},"author":1,"featured_media":0,"parent":0,"menu_order":0,"comment_status":"open","ping_status":"open","template":"","meta":{"footnotes":""},"class_list":["post-32","page","type-page","status-publish","hentry"],"_links":{"self":[{"href":"https:\/\/www.perezalmansa.com\/ca\/wp-json\/wp\/v2\/pages\/32","targetHints":{"allow":["GET"]}}],"collection":[{"href":"https:\/\/www.perezalmansa.com\/ca\/wp-json\/wp\/v2\/pages"}],"about":[{"href":"https:\/\/www.perezalmansa.com\/ca\/wp-json\/wp\/v2\/types\/page"}],"author":[{"embeddable":true,"href":"https:\/\/www.perezalmansa.com\/ca\/wp-json\/wp\/v2\/users\/1"}],"replies":[{"embeddable":true,"href":"https:\/\/www.perezalmansa.com\/ca\/wp-json\/wp\/v2\/comments?post=32"}],"version-history":[{"count":26,"href":"https:\/\/www.perezalmansa.com\/ca\/wp-json\/wp\/v2\/pages\/32\/revisions"}],"predecessor-version":[{"id":508,"href":"https:\/\/www.perezalmansa.com\/ca\/wp-json\/wp\/v2\/pages\/32\/revisions\/508"}],"wp:attachment":[{"href":"https:\/\/www.perezalmansa.com\/ca\/wp-json\/wp\/v2\/media?parent=32"}],"curies":[{"name":"wp","href":"https:\/\/api.w.org\/{rel}","templated":true}]}}