{"id":36,"date":"2014-12-16T13:35:31","date_gmt":"2014-12-16T13:35:31","guid":{"rendered":"http:\/\/www.perezalmansa.com\/ca\/?page_id=36"},"modified":"2015-05-25T14:13:06","modified_gmt":"2015-05-25T14:13:06","slug":"international-desk","status":"publish","type":"page","link":"https:\/\/www.perezalmansa.com\/ca\/international-desk\/","title":{"rendered":"International Desk"},"content":{"rendered":"<p style=\"text-align: justify;\">El departament de <strong>PEREZ ALMANSA ABOGADOS<\/strong> que ha experimentat un major creixement en els \u00faltims anys \u00e9s el nostre servei d\u2019assessorament a inversors no residents (International Desk). Els preus hist\u00f2ricament baixos de immobles i empreses a Espanya, auguren una revaloritzaci\u00f3 important a mig termini de les inversions. Per aix\u00f2 des de principis del 2013 el capital internacional est\u00e0 tornant als mercats espanyols amb gran for\u00e7a. Espanya ocupa el nov\u00e8 lloc mundial en inversions estrangeres, el primer lloc entre els pa\u00efsos europeus (font: VEURE PDF <a href=\"http:\/\/unctad.org\/es\/PublicationsLibrary\/wir2014_overview_es.pdf\" target=\"_blank\">informe UNCTAD<\/a>).<\/p>\n<p style=\"text-align: justify;\">\u00a0<a href=\"http:\/\/www.perezalmansa.com\/ca\/wp-content\/uploads\/sites\/3\/2014\/12\/international-desk.jpg\"><img loading=\"lazy\" decoding=\"async\" class=\"alignnone size-full wp-image-365\" src=\"http:\/\/www.perezalmansa.com\/ca\/wp-content\/uploads\/sites\/3\/2014\/12\/international-desk.jpg\" alt=\"international desk\" width=\"800\" height=\"534\" srcset=\"https:\/\/www.perezalmansa.com\/ca\/wp-content\/uploads\/sites\/3\/2014\/12\/international-desk.jpg 800w, https:\/\/www.perezalmansa.com\/ca\/wp-content\/uploads\/sites\/3\/2014\/12\/international-desk-300x200.jpg 300w\" sizes=\"auto, (max-width: 800px) 100vw, 800px\" \/><\/a><\/p>\n<p style=\"text-align: justify;\">El nostre despatx d\u2019advocats ofereix un assessorament integral als inversors estranger en angl\u00e8s, franc\u00e8s, alemany i rus. Realitzem informes de due diligence relatius a immobles o companyies, constitu\u00efm societats i acceptem l\u2019enc\u00e0rrec d\u2019administrar i\/o supervisar les inversions del client a Espanya.<br \/>\nDonem assessorament relatiu a la fiscalitat de la inversi\u00f3 de manera coordinada amb els advocats locals del pa\u00eds de resid\u00e8ncia del client. Tamb\u00e9 oferim assessoria en la petici\u00f3 de visats de resid\u00e8ncia per a inversors.<\/p>\n<table border=\"0\" width=\"100%\">\n<tbody>\n<tr>\n<td style=\"background-color: #f5f5f5!important;\" valign=\"middle\"><strong><em>Due diligence<\/em>en adquisicions d\u2019immobles: <\/strong>el nostre despatx realitza una mitjana de quaranta informes de due diligence anuals relatius a la compra d\u2019immobles a la ciutat de Barcelona per part de no residents, amb preus de venda que van des dels 120.000\u20ac fins als 18.000.000\u20ac. Som el despatx de refer\u00e8ncia d\u2019alguns dels agents immobiliaris internacionals m\u00e9s actius de la ciutat.<\/td>\n<\/tr>\n<\/tbody>\n<\/table>\n<table border=\"0\" width=\"100%\">\n<tbody>\n<tr>\n<td style=\"background-color: #f5f5f5!important;\" valign=\"middle\"><strong>Representaci\u00f3 general de clients no residents: <\/strong> P\u00e9rez Almansa Advocats t\u00e9 encomanada la representaci\u00f3 general a Espanya de nombrosos clients no residents. Com apoderats generals intervenim en nom i inter\u00e8s del client en tota mena d\u2019assumptes, des de l\u2019assist\u00e8ncia a Juntes de propietaris o de societats, fins a l\u2019atorgament d\u2019escriptures p\u00fabliques.<\/td>\n<\/tr>\n<\/tbody>\n<\/table>\n","protected":false},"excerpt":{"rendered":"<p>El departament de PEREZ ALMANSA ABOGADOS que ha experimentat un major creixement en els \u00faltims anys \u00e9s el nostre servei d\u2019assessorament a inversors no residents (International Desk). Els preus hist\u00f2ricament baixos de immobles i empreses a Espanya, auguren una revaloritzaci\u00f3 important a mig termini de les inversions. Per aix\u00f2 des de principis del 2013 el [&hellip;]<\/p>\n","protected":false},"author":1,"featured_media":0,"parent":0,"menu_order":0,"comment_status":"open","ping_status":"open","template":"","meta":{"footnotes":""},"class_list":["post-36","page","type-page","status-publish","hentry"],"_links":{"self":[{"href":"https:\/\/www.perezalmansa.com\/ca\/wp-json\/wp\/v2\/pages\/36","targetHints":{"allow":["GET"]}}],"collection":[{"href":"https:\/\/www.perezalmansa.com\/ca\/wp-json\/wp\/v2\/pages"}],"about":[{"href":"https:\/\/www.perezalmansa.com\/ca\/wp-json\/wp\/v2\/types\/page"}],"author":[{"embeddable":true,"href":"https:\/\/www.perezalmansa.com\/ca\/wp-json\/wp\/v2\/users\/1"}],"replies":[{"embeddable":true,"href":"https:\/\/www.perezalmansa.com\/ca\/wp-json\/wp\/v2\/comments?post=36"}],"version-history":[{"count":38,"href":"https:\/\/www.perezalmansa.com\/ca\/wp-json\/wp\/v2\/pages\/36\/revisions"}],"predecessor-version":[{"id":496,"href":"https:\/\/www.perezalmansa.com\/ca\/wp-json\/wp\/v2\/pages\/36\/revisions\/496"}],"wp:attachment":[{"href":"https:\/\/www.perezalmansa.com\/ca\/wp-json\/wp\/v2\/media?parent=36"}],"curies":[{"name":"wp","href":"https:\/\/api.w.org\/{rel}","templated":true}]}}